{"id":54,"date":"2010-06-05T00:12:33","date_gmt":"2010-06-05T00:12:33","guid":{"rendered":"http:\/\/aureliegauvin.com\/?page_id=54"},"modified":"2010-06-05T00:18:06","modified_gmt":"2010-06-05T00:18:06","slug":"cv","status":"publish","type":"page","link":"http:\/\/aureliegauvin.com\/?page_id=54","title":{"rendered":"cv"},"content":{"rendered":"<h1>Curriculum vitae<\/h1>\n<div><strong>Formations acad\u00e9miques<\/strong><\/div>\n<ul>\n<li style=\"text-align: justify;\">Baccalaur\u00e9at  \t\t\ten Arts visuels et m\u00e9diatiques 2005-2008 -UQ\u00c0M, <em>Montr\u00e9al<\/em><\/li>\n<\/ul>\n<ul>\n<li style=\"text-align: justify;\">Cours priv\u00e9  \t\t\ten conception et cr\u00e9ation de Site Webb 2004 Institut Grasset, <em>Montr\u00e9al<\/em><\/li>\n<\/ul>\n<ul>\n<li style=\"text-align: justify;\">Certificat en  \t\t\tArts plastiques 2003-2004 UQ\u00c0M, <em>Montr\u00e9al<\/em><\/li>\n<\/ul>\n<ul>\n<li style=\"text-align: justify;\">Dipl\u00f4me  \t\t\td\u2019\u00e9tudes coll\u00e9giales en arts plastiques 2001-2003 C\u00e9gep de  \t\t\tRimouski, <em>Rimouski<\/em><\/li>\n<\/ul>\n<div><strong>Implications culturelles<\/strong><\/div>\n<ul>\n<li style=\"text-align: justify;\">Enseignement priv\u00e9 de peinture technique \u00e0 l\u2019huile.\t2005-2010<\/li>\n<li style=\"text-align: justify;\"><span style=\"font-family: Tahoma;\">Enseignement de la peinture technique mixte dans le cadre d\u2019une initiative<\/span><span style=\"font-family: Tahoma;\"> visant la r\u00e9alisation et l\u2019administration d\u2019une \u00e9cole de peinture estivale dans <\/span><span style=\"font-family: Tahoma;\">le local de la <\/span><em><span style=\"font-family: Tahoma;\">Galerie Diagonale<\/span><\/em><span style=\"font-family: Tahoma;\"> \u00e0 Montr\u00e9al. 2008<\/span><\/li>\n<li style=\"text-align: justify;\">Chroniqueuse  \t\t\t\tculturelle pour les hebdos de la r\u00e9gion du Sud-Ouest de  \t\t\t\tMontr\u00e9al.\t2003-2004<\/li>\n<li style=\"text-align: justify;\">Participation  \t\t\t\t\u00e0 la conception graphique de l\u2019affiche promotionnelle<br \/>\ndu Festival de Blues de Rimouski.\t2003<\/li>\n<li style=\"text-align: justify;\">Participation  \t\t\t\t\u00e0 la journ\u00e9e de lancement de <em>Paraloeil<\/em> intitul\u00e9e \u00ab\u00a0Les Bancs Rouges\u00a0\u00bb<br \/>\npar une intervention sur un banc d\u2019un ancien cin\u00e9ma en  \t\t\t\tdirect.\t2003<\/li>\n<li style=\"text-align: justify;\">Organisation  \t\t\t\tde plusieurs soir\u00e9es \u00ab\u00a0Body Painting\u00a0\u00bb  \t\t\t\t\u00e0 <em>La Coud\u00e9e <\/em>de Rimouski<br \/>\npour le  \t\t\t\tfinancement et la sensibilisation du programme pr\u00e9-universitaire<br \/>\nen Arts plastiques du C\u00e9gep de Rimouski.\t2002-2003<\/li>\n<\/ul>\n<p style=\"text-align: justify;\">Toutes r\u00e9f\u00e9rences, articles de journaux, outils promotionnels vous seront transmis sur demande de m\u00eame que tous autres documents.<\/p>\n","protected":false},"excerpt":{"rendered":"<p>Curriculum vitae Formations acad\u00e9miques Baccalaur\u00e9at en Arts visuels et m\u00e9diatiques 2005-2008 -UQ\u00c0M, Montr\u00e9al Cours priv\u00e9 en conception et cr\u00e9ation de Site Webb 2004 Institut Grasset, Montr\u00e9al Certificat en Arts plastiques 2003-2004 UQ\u00c0M, Montr\u00e9al Dipl\u00f4me d\u2019\u00e9tudes coll\u00e9giales en arts plastiques 2001-2003 C\u00e9gep de Rimouski, Rimouski Implications culturelles Enseignement priv\u00e9 de peinture technique \u00e0 l\u2019huile. 2005-2010 Enseignement [&#038;hellip<\/p>\n","protected":false},"author":1,"featured_media":0,"parent":48,"menu_order":0,"comment_status":"open","ping_status":"open","template":"page-no.php","meta":{"footnotes":""},"_links":{"self":[{"href":"http:\/\/aureliegauvin.com\/index.php?rest_route=\/wp\/v2\/pages\/54"}],"collection":[{"href":"http:\/\/aureliegauvin.com\/index.php?rest_route=\/wp\/v2\/pages"}],"about":[{"href":"http:\/\/aureliegauvin.com\/index.php?rest_route=\/wp\/v2\/types\/page"}],"author":[{"embeddable":true,"href":"http:\/\/aureliegauvin.com\/index.php?rest_route=\/wp\/v2\/users\/1"}],"replies":[{"embeddable":true,"href":"http:\/\/aureliegauvin.com\/index.php?rest_route=%2Fwp%2Fv2%2Fcomments&post=54"}],"version-history":[{"count":3,"href":"http:\/\/aureliegauvin.com\/index.php?rest_route=\/wp\/v2\/pages\/54\/revisions"}],"predecessor-version":[{"id":56,"href":"http:\/\/aureliegauvin.com\/index.php?rest_route=\/wp\/v2\/pages\/54\/revisions\/56"}],"up":[{"embeddable":true,"href":"http:\/\/aureliegauvin.com\/index.php?rest_route=\/wp\/v2\/pages\/48"}],"wp:attachment":[{"href":"http:\/\/aureliegauvin.com\/index.php?rest_route=%2Fwp%2Fv2%2Fmedia&parent=54"}],"curies":[{"name":"wp","href":"https:\/\/api.w.org\/{rel}","templated":true}]}}