{"id":3,"date":"2010-06-01T23:32:28","date_gmt":"2010-06-01T23:32:28","guid":{"rendered":"http:\/\/aureliegauvin.com\/?page_id=3"},"modified":"2010-06-05T00:43:02","modified_gmt":"2010-06-05T00:43:02","slug":"cours-de-peinture","status":"publish","type":"page","link":"https:\/\/aureliegauvin.com\/","title":{"rendered":"Cours de peinture"},"content":{"rendered":"<h1>Cours de peinture<\/h1>\n<h3><strong>Cr\u00e9ez l&rsquo;oeuvre de votre vie!<\/strong><\/h3>\n<p><strong>Atelier libre en d\u00e9veloppement technique de la peinture \u00e0 l\u2019huile.<\/strong><\/p>\n<p>Pour vous inscrire, laissez vos coordonn\u00e9es \u00e0\u00a0<a href=\"<script>MailGuard('aurelie13','hotmail.com')<\/script>\"><script>MailGuard('aurelie13','hotmail.com')<\/script><\/a> ou t\u00e9l\u00e9phonez au (514) 270-3173<\/p>\n<p>Client\u00e8le : Adultes<br \/>\nNiveau: D\u00e9butant \u00e0 interm\u00e9diaire<br \/>\nDur\u00e9e\u00a0: 2 heures<br \/>\nLieu\u00a0: 6333, rue St-Denis, Montr\u00e9al<\/p>\n<p><strong>Objectif g\u00e9n\u00e9ral du cours<\/strong> :<\/p>\n<p style=\"text-align: justify;\">Cet atelier vise \u00e0 offrir un lieu de cr\u00e9ation libre o\u00f9 il est possible, par la pr\u00e9sence d&rsquo;un professeur, de recevoir aides et conseils tout au long de la r\u00e9alisation d&rsquo;une oeuvre.<\/p>\n<p style=\"text-align: justify;\">D&rsquo;autres part, les ateliers permettent de s&rsquo;initier \u00e0 la pratique de la peinture \u00e0 l\u2019huile et \u00e0 d\u00e9velopper des aptitudes pour cette technique par un suivi personnalis\u00e9 et adapt\u00e9.<\/p>\n<p style=\"text-align: justify;\"><strong>D\u00e9roulement <\/strong>:<\/p>\n<p style=\"text-align: justify;\">\u00c0 chaque semaine, l\u2019\u00e9tudiant(e) annonce sa pr\u00e9sence \u00e0 l\u2019une ou l\u2019autre des heures d&rsquo;ateliers offertes au cours de la semaine.\u00a0Il est inviter \u00e0 r\u00e9server sa pr\u00e9sence imm\u00e9diatement, s&rsquo;il le d\u00e9sire, pour la prochaine atelier.<\/p>\n<p style=\"text-align: justify;\">Ainsi, dans le cadre d\u2019un atelier libre, l\u2019\u00e9tudiant(e) pourra r\u00e9aliser une \u0153uvre, en pr\u00e9sence d&rsquo;un maximun de 4 autres \u00e9tudiants, avec suivi individualis\u00e9. Musique et \u00e9change ponctueront les ateliers dans l&rsquo;environnement intimiste de mon atelier.<\/p>\n<p><strong>\u00c9TAPE 1<\/strong><\/p>\n<p>Prendre connaissance des informations contenues sur ce site<\/p>\n<p><strong>\u00c9TAPE 2<\/strong><\/p>\n<p>Vous inscrire le plus t\u00f4t possible pour r\u00e9server votre place en atelier.<\/p>\n<p>*Il est conseill\u00e9 aux d\u00e9butants de pr\u00e9voir environs 6 ateliers pour r\u00e9aliser une oeuvre.<\/p>\n<p><strong>\u00c9TAPE 3<\/strong><\/p>\n<p style=\"text-align: justify;\">\u00c0 chaque semaine, pour ajuster l&rsquo;horaire \u00e0 la demande, r\u00e9servez votre place par courriel ou t\u00e9l\u00e9phone jusqu&rsquo;\u00e0 un minimum de 24 heures en avance.<\/p>\n<p><strong>Horaire des ateliers:<\/strong><\/p>\n<p>Lundi: 19H00 \u00e0 21h00<br \/>\nMercredi:\u00a019H00 \u00e0 21h00<br \/>\n*<em>Selon le demande, l&rsquo;horaire est sujette au changement. Je m&rsquo;engage \u00e0 offrir un atelier seulement \u00e0 ceux qui ont r\u00e9serv\u00e9s.<\/em><\/p>\n<p><strong>Tarif:<\/strong><\/p>\n<p>Prix horaire : 18 $ \/ Heure<\/p>\n<p>Important: L&rsquo;atelier est payable \u00e0 la fin de chaque s\u00e9ance.<\/p>\n<p><strong>MAT\u00c9RIEL REQUIS<\/strong><\/p>\n<p style=\"text-align: justify;\">L\u2019\u00e9tudiant(e) se procure le mat\u00e9riel de base\u00a0: tubes de peinture, pinceaux, spatule et palette \u00e0 m\u00e9lange des couleurs. Pr\u00e9voir des frais d\u2019au moins 30 $ pour l\u2019achat d\u2019un coffret de base de peinture \u00e0 l\u2019huile et d\u2019une toile de son choix. On peut aussi s\u2019en procurer pour plus de 130 $, bien s\u00fbr.<\/p>\n<p style=\"text-align: justify;\">Pour des informations suppl\u00e9mentaires, contactez-moi.<\/p>\n<p style=\"text-align: justify;\">Il est conseill\u00e9 de s\u2019acheter un coffret qui inclut le n\u00e9cessaire de base. Si vous pr\u00e9f\u00e9rez acheter au d\u00e9tail, consulter le\u00a0pdf pour plus d\u2019information sur le type de peinture et de pinceaux conseill\u00e9s.<\/p>\n<p><strong>MAT\u00c9RIAUX FOURNIS<\/strong><\/p>\n<p style=\"text-align: justify;\">L\u2019atelier disposera des pots \u00e0 pinceaux, de chevalets, d\u2019essuie-tout, de la t\u00e9r\u00e9benthine, du mat\u00e9riel pour les exercices et de fusains.<\/p>\n<p><strong>Objectifs sp\u00e9cifiques :<\/strong><\/p>\n<p style=\"text-align: justify;\">L\u2019\u00e9tudiant(e) int\u00e9grera des notions de peinture par une cr\u00e9ation supervis\u00e9e lui permettant de r\u00e9aliser avec satisfaction une ou des \u0153uvres de son choix.<\/p>\n<p style=\"text-align: justify;\">L\u2019\u00e9tudiant(e) exp\u00e9rimentera et d\u00e9veloppera divers trucs ou techniques de pratique de la peinture \u00e0 l\u2019huile.<\/p>\n<p style=\"text-align: justify;\"><strong>Contenu :<\/strong><\/p>\n<p style=\"text-align: justify;\">L\u2019\u00e9tudiant(e) choisira de faire une toile par reproduction, ou selon sa cr\u00e9ation personnelle. Une orientation et des sujets seront propos\u00e9s. Mais la pratique de la technique enseign\u00e9e entend respecter l\u2019initiative personnelle, le plaisir de la r\u00e9alisation et la satisfaction esth\u00e9tique du produit r\u00e9alis\u00e9.<\/p>\n","protected":false},"excerpt":{"rendered":"<p>Cours de peinture Cr\u00e9ez l&rsquo;oeuvre de votre vie! Atelier libre en d\u00e9veloppement technique de la peinture \u00e0 l\u2019huile. Pour vous inscrire, laissez vos coordonn\u00e9es \u00e0\u00a0 ou t\u00e9l\u00e9phonez au (514) 270-3173 Client\u00e8le : Adultes Niveau: D\u00e9butant \u00e0 interm\u00e9diaire Dur\u00e9e\u00a0: 2 heures Lieu\u00a0: 6333, rue St-Denis, Montr\u00e9al Objectif g\u00e9n\u00e9ral du cours : Cet atelier vise \u00e0 offrir [&#038;hellip<\/p>\n","protected":false},"author":1,"featured_media":0,"parent":0,"menu_order":1,"comment_status":"closed","ping_status":"closed","template":"page-no.php","meta":{"footnotes":""},"_links":{"self":[{"href":"https:\/\/aureliegauvin.com\/index.php?rest_route=\/wp\/v2\/pages\/3"}],"collection":[{"href":"https:\/\/aureliegauvin.com\/index.php?rest_route=\/wp\/v2\/pages"}],"about":[{"href":"https:\/\/aureliegauvin.com\/index.php?rest_route=\/wp\/v2\/types\/page"}],"author":[{"embeddable":true,"href":"https:\/\/aureliegauvin.com\/index.php?rest_route=\/wp\/v2\/users\/1"}],"replies":[{"embeddable":true,"href":"https:\/\/aureliegauvin.com\/index.php?rest_route=%2Fwp%2Fv2%2Fcomments&post=3"}],"version-history":[{"count":33,"href":"https:\/\/aureliegauvin.com\/index.php?rest_route=\/wp\/v2\/pages\/3\/revisions"}],"predecessor-version":[{"id":68,"href":"https:\/\/aureliegauvin.com\/index.php?rest_route=\/wp\/v2\/pages\/3\/revisions\/68"}],"wp:attachment":[{"href":"https:\/\/aureliegauvin.com\/index.php?rest_route=%2Fwp%2Fv2%2Fmedia&parent=3"}],"curies":[{"name":"wp","href":"https:\/\/api.w.org\/{rel}","templated":true}]}}