{"id":59,"date":"2010-06-05T00:22:50","date_gmt":"2010-06-05T00:22:50","guid":{"rendered":"http:\/\/aureliegauvin.com\/?page_id=59"},"modified":"2010-06-05T00:25:15","modified_gmt":"2010-06-05T00:25:15","slug":"expositions","status":"publish","type":"page","link":"https:\/\/aureliegauvin.com\/?page_id=59","title":{"rendered":"Expositions"},"content":{"rendered":"<h1>Expositions<\/h1>\n<p><strong>Liste des expositions<\/strong><\/p>\n<ul>\n<li>Exposition duo \u00ab\u00a0La ligne \u00e0 Harde\u00a0\u00bb \u00a0dans le cadre du Congr\u00e8s Mondial Acadien au Nouveau-Brunswick.\u00a0\u00c9t\u00e9, 2009<\/li>\n<\/ul>\n<ul>\n<li>Exposition collective avec N.O.U.S dans un entrep\u00f4t de l\u2019est de Montr\u00e9al<br \/>\nen collaboration avec le programme\u00a0<em>L\u2019Art Passe \u00c0 l\u2019Est<\/em> et l\u2019UQ\u00c0M, octobre, 2008<\/li>\n<li>Exposition collective \u00abTrace\u00bb dans un entrep\u00f4t de l\u2019Est de Montr\u00e9al<br \/>\nen collaboration avec le programme\u00a0<em>L\u2019Art Passe \u00c0 l\u2019Est<\/em> et l\u2019UQ\u00c0M\t janvier 2007<\/li>\n<li>Exposition collective \u00ab\u00a0It\u2019s in the bag\u00a0\u00bb \u00e0 la Galerie Diagonale de Montr\u00e9al,\tnovembre 2006<\/li>\n<li>Exposition individuelle \u00ab\u00a0Ouverture\u00a0\u00bb \u00e0 la Galerie L78 de Montr\u00e9al,\tjuillet 2006<a href=\"http:\/\/www.aureliegauvin.com\/article_hour_29_juillet_aurelie_levesque_gauvin_peintre.pdf\" target=\"_blank\">Article du journal\u00a0<em>Hour<\/em>, 29 juillet 2006<\/a> (pdf)\n<p><a href=\"http:\/\/www.aureliegauvin.com\/ouverture_aurelie-levesque-gauvin-peintre-montreal.pdf\" target=\"_blank\">D\u00e9pliant de l&rsquo;exposition \u00ab\u00a0Ouverture\u00a0\u00bb, juillet 2006<\/a> (pdf)<\/p>\n<p><a href=\"http:\/\/www.aureliegauvin.com\/ouverture-intention-aurelie-levesque-gauvin-peintre-montreal.pdf\" target=\"_blank\">Texte de pr\u00e9sentation de l&rsquo;exposition \u00ab\u00a0Ouverture\u00a0\u00bb<\/a> (pdf)<\/li>\n<li>Exposition collective \u00ab\u00a0Solstice d&rsquo;hiver\u00a0\u00bb au Centre Georges-Vanier de Montr\u00e9al, juillet 2006<\/li>\n<li>Exposition collective pour le Festival Attroupement in\u00e9vitable \u00e0 l\u2019UQ\u00c0M, mars 2006<\/li>\n<li>Exposition collective \u00ab\u00a0Format 12&#215;12\u00a0\u00bb \u00e0 la Galerie L78 de Montr\u00e9al, d\u00e9cembre 2006<\/li>\n<li>Exposition collective \u00ab\u00a0Format 12&#215;12\u00a0\u00bb \u00e0 la Galerie L78 de Montr\u00e9al, d\u00e9cembre 2005<\/li>\n<li>Exposition individuelle \u00e0 la Galerie Atwater de Montr\u00e9al,\t2004<\/li>\n<li>Exposition collective \u00ab\u00a0\u00c9trange\u00a0\u00bb au Mus\u00e9e R\u00e9gionale de Rimouski,\tjuin 2003<\/li>\n<li>Exposition collective \u00ab\u00a02D 3D au f\u00e9minin\u00a0\u00bb \u00e0 la galerie\u00a0<em>Latitude 48o<\/em> de Rimouski,\t2002<\/li>\n<li>Exposition collective \u00ab\u00a0Al\u00e9atoire\u00a0\u00bb \u00e0 la galerie\u00a0<em>Latitude 48o<\/em> de Rimouski,\t2002<\/li>\n<li>Exposition collective \u00ab\u00a0Dessin 1\u00a0\u00bb \u00e0 la galerie\u00a0<em>Latitude 48o<\/em> de Rimouski,\t2001<\/li>\n<li>Expositions collectives et vente de toiles au Centre Communautaire de St-Anaclet,\t1999-2000<\/li>\n<\/ul>\n","protected":false},"excerpt":{"rendered":"<p>Expositions Liste des expositions Exposition duo \u00ab\u00a0La ligne \u00e0 Harde\u00a0\u00bb \u00a0dans le cadre du Congr\u00e8s Mondial Acadien au Nouveau-Brunswick.\u00a0\u00c9t\u00e9, 2009 Exposition collective avec N.O.U.S dans un entrep\u00f4t de l\u2019est de Montr\u00e9al en collaboration avec le programme\u00a0L\u2019Art Passe \u00c0 l\u2019Est et l\u2019UQ\u00c0M, octobre, 2008 Exposition collective \u00abTrace\u00bb dans un entrep\u00f4t de l\u2019Est de Montr\u00e9al en collaboration [&#038;hellip<\/p>\n","protected":false},"author":1,"featured_media":0,"parent":48,"menu_order":0,"comment_status":"open","ping_status":"open","template":"page-no.php","meta":{"footnotes":""},"_links":{"self":[{"href":"https:\/\/aureliegauvin.com\/index.php?rest_route=\/wp\/v2\/pages\/59"}],"collection":[{"href":"https:\/\/aureliegauvin.com\/index.php?rest_route=\/wp\/v2\/pages"}],"about":[{"href":"https:\/\/aureliegauvin.com\/index.php?rest_route=\/wp\/v2\/types\/page"}],"author":[{"embeddable":true,"href":"https:\/\/aureliegauvin.com\/index.php?rest_route=\/wp\/v2\/users\/1"}],"replies":[{"embeddable":true,"href":"https:\/\/aureliegauvin.com\/index.php?rest_route=%2Fwp%2Fv2%2Fcomments&post=59"}],"version-history":[{"count":4,"href":"https:\/\/aureliegauvin.com\/index.php?rest_route=\/wp\/v2\/pages\/59\/revisions"}],"predecessor-version":[{"id":63,"href":"https:\/\/aureliegauvin.com\/index.php?rest_route=\/wp\/v2\/pages\/59\/revisions\/63"}],"up":[{"embeddable":true,"href":"https:\/\/aureliegauvin.com\/index.php?rest_route=\/wp\/v2\/pages\/48"}],"wp:attachment":[{"href":"https:\/\/aureliegauvin.com\/index.php?rest_route=%2Fwp%2Fv2%2Fmedia&parent=59"}],"curies":[{"name":"wp","href":"https:\/\/api.w.org\/{rel}","templated":true}]}}