{"id":6,"date":"2010-06-01T23:50:39","date_gmt":"2010-06-01T23:50:39","guid":{"rendered":"http:\/\/aureliegauvin.com\/?page_id=6"},"modified":"2010-06-05T00:43:20","modified_gmt":"2010-06-05T00:43:20","slug":"oeuvres-sur-mesure","status":"publish","type":"page","link":"https:\/\/aureliegauvin.com\/?page_id=6","title":{"rendered":"Oeuvres sur mesure"},"content":{"rendered":"<h1>Oeuvres sur mesure<\/h1>\n<h3>L\u2019art de mettre de la couleur dans son espace!<\/h3>\n<p style=\"text-align: justify;\">Il est important que sa vie puisse avoir du style, de l\u2019originalit\u00e9 et en m\u00eame temps nous ressembler. Vous avez des id\u00e9es, mais vous n\u2019avez pas l\u2019expertise pour les r\u00e9aliser vous-m\u00eames. Je peux vous aider. Dans tous les cas, il y a une solution.<\/p>\n<p>Contactez-moi pour de plus amples d\u00e9tails.<\/p>\n<p><strong>MEDIUM<\/strong><br \/>\nPeinture acrylique<br \/>\nPeinture \u00e0 l\u2019huile<br \/>\nDessin<br \/>\nInstallation<\/p>\n<p><strong>STYLE<\/strong><br \/>\nFiguratif ou Abstrait<br \/>\nUrbain<br \/>\nContemporain<\/p>\n<p><strong>INSPIRATION<\/strong><br \/>\nLes couleurs qui l\u2019entourent<br \/>\nL\u2019image dans toutes ses \u00e9motions<br \/>\nL\u2019art contemporain et urbain<br \/>\nLa soci\u00e9t\u00e9 et ses symboles<\/p>\n<p><strong>PARTICULARIT\u00c9<\/strong><br \/>\nPolyvalence dans les styles de l\u2019illustration \u00e0 l\u2019abstrait<br \/>\nImaginative et d\u00e9brouillarde<br \/>\nD\u00e9termin\u00e9e et sensible<br \/>\nBonne capacit\u00e9 d\u2019analyse et d\u2019adaptation de ses \u0153uvres<\/p>\n","protected":false},"excerpt":{"rendered":"<p>Oeuvres sur mesure L\u2019art de mettre de la couleur dans son espace! Il est important que sa vie puisse avoir du style, de l\u2019originalit\u00e9 et en m\u00eame temps nous ressembler. Vous avez des id\u00e9es, mais vous n\u2019avez pas l\u2019expertise pour les r\u00e9aliser vous-m\u00eames. Je peux vous aider. Dans tous les cas, il y a une [&#038;hellip<\/p>\n","protected":false},"author":1,"featured_media":0,"parent":0,"menu_order":2,"comment_status":"open","ping_status":"open","template":"page-no.php","meta":{"footnotes":""},"_links":{"self":[{"href":"https:\/\/aureliegauvin.com\/index.php?rest_route=\/wp\/v2\/pages\/6"}],"collection":[{"href":"https:\/\/aureliegauvin.com\/index.php?rest_route=\/wp\/v2\/pages"}],"about":[{"href":"https:\/\/aureliegauvin.com\/index.php?rest_route=\/wp\/v2\/types\/page"}],"author":[{"embeddable":true,"href":"https:\/\/aureliegauvin.com\/index.php?rest_route=\/wp\/v2\/users\/1"}],"replies":[{"embeddable":true,"href":"https:\/\/aureliegauvin.com\/index.php?rest_route=%2Fwp%2Fv2%2Fcomments&post=6"}],"version-history":[{"count":9,"href":"https:\/\/aureliegauvin.com\/index.php?rest_route=\/wp\/v2\/pages\/6\/revisions"}],"predecessor-version":[{"id":43,"href":"https:\/\/aureliegauvin.com\/index.php?rest_route=\/wp\/v2\/pages\/6\/revisions\/43"}],"wp:attachment":[{"href":"https:\/\/aureliegauvin.com\/index.php?rest_route=%2Fwp%2Fv2%2Fmedia&parent=6"}],"curies":[{"name":"wp","href":"https:\/\/api.w.org\/{rel}","templated":true}]}}